{"id":30,"date":"2023-10-03T22:14:55","date_gmt":"2023-10-03T20:14:55","guid":{"rendered":"https:\/\/entrechienetlou.fr\/?page_id=30"},"modified":"2023-11-14T21:58:44","modified_gmt":"2023-11-14T20:58:44","slug":"contact","status":"publish","type":"page","link":"https:\/\/entrechienetlou.fr\/index.php\/contact\/","title":{"rendered":"Contact"},"content":{"rendered":"\n<div class=\"wp-block-group alignfull has-background-secondary-background-color has-background is-layout-constrained wp-container-core-group-is-layout-dc3bd11e wp-block-group-is-layout-constrained\" style=\"padding-top:0;padding-right:30px;padding-bottom:0;padding-left:30px\">\n<div class=\"wp-block-columns alignwide are-vertically-aligned-center is-layout-flex wp-container-core-columns-is-layout-8a4b3083 wp-block-columns-is-layout-flex\" style=\"margin-top:0;margin-bottom:0;padding-top:0;padding-right:0;padding-bottom:0;padding-left:0\">\n<div class=\"wp-block-column is-vertically-aligned-center is-layout-flow wp-block-column-is-layout-flow\">\n<div class=\"wp-block-group alignwide is-layout-flow wp-container-core-group-is-layout-94459795 wp-block-group-is-layout-flow\" style=\"padding-top:55px;padding-right:0px;padding-bottom:55px;padding-left:0px\">\n<h3 class=\"wp-block-heading has-text-align-left has-foreground-color has-text-color\" style=\"line-height:1.5\">A propos de Entre chien et Lou<\/h3>\n\n\n\n<h2 class=\"wp-block-heading has-text-align-left has-foreground-color has-text-color has-extra-large-font-size\" style=\"margin-top:var(--wp--preset--spacing--50);margin-bottom:var(--wp--preset--spacing--60);font-style:normal;font-weight:700;line-height:1.3\">Qui suis-je ?<\/h2>\n\n\n\n<p>Bonjour \u00e0 toutes et \u00e0 tous,<\/p>\n\n\n\n<p>Je suis Anne-Lise (dit Lou), toiletteuse professionnelle offrant mes comp\u00e9tences et mes services en r\u00e9gion toulousaine.<\/p>\n\n\n\n<p>Depuis longtemps mes objectifs ont \u00e9t\u00e9 de travailler aupr\u00e8s des animaux de compagnie, d\u2019\u00eatre ind\u00e9pendante et d\u2019entretenir des contacts humains chaleureux.<\/p>\n\n\n\n<p>A mi-parcours de ma vie professionnelle, je d\u00e9cide de sauter le pas.<\/p>\n\n\n\n<p>Apr\u00e8s une formation aupr\u00e8s d\u2019une toiletteuse hautement qualifi\u00e9e et toute son \u00e9quipe, j\u2019obtiens mon dipl\u00f4me&nbsp;: Certificat Technique des m\u00e9tiers de toiletteur canin, f\u00e9lin et Nac (Nouveaux animaux de compagnie).<\/p>\n\n\n\n<p>Je d\u00e9cide de pratiquer ce m\u00e9tier en itin\u00e9rant, dans un v\u00e9hicule am\u00e9nag\u00e9 en\u00a0salon de toilettage afin de vous faciliter la vie. C\u2019est moi qui viens \u00e0 vous, vous pouvez continuer vos activit\u00e9s comme bon vous semble.<\/p>\n\n\n\n<p>Je propose de nombreuses prestations adapt\u00e9es aux besoins de vos compagnons et de vos envies, bain, coupe, soins d\u2019hygi\u00e8nes (nettoyage des oreilles et des yeux), coupe des griffes. Je n\u2019utilise que des cosm\u00e9tiques de qualit\u00e9s et \u00e0 base de produits naturels.<\/p>\n\n\n\n<p>Vos petits compagnons prendront plaisir \u00e0 passer entre mes mains pour une s\u00e9ance de toilettage personnalis\u00e9e et dans le respect des bonnes pratiques professionnelles.<\/p>\n\n\n\n<p>Ils en ressortiront tous beaux et parfum\u00e9s\u00a0!<\/p>\n<\/div>\n<\/div>\n\n\n\n<div class=\"wp-block-column is-vertically-aligned-center is-layout-flow wp-block-column-is-layout-flow\" style=\"flex-basis:40%\">\n<figure class=\"wp-block-image aligncenter size-large wp-duotone-unset-1\"><img loading=\"lazy\" decoding=\"async\" width=\"736\" height=\"1024\" src=\"https:\/\/entrechienetlou.fr\/wp-content\/uploads\/2023\/10\/1-1-736x1024.png\" alt=\"\" class=\"wp-image-306\" style=\"object-fit:cover\" srcset=\"https:\/\/entrechienetlou.fr\/wp-content\/uploads\/2023\/10\/1-1-736x1024.png 736w, https:\/\/entrechienetlou.fr\/wp-content\/uploads\/2023\/10\/1-1-216x300.png 216w, https:\/\/entrechienetlou.fr\/wp-content\/uploads\/2023\/10\/1-1-768x1069.png 768w, https:\/\/entrechienetlou.fr\/wp-content\/uploads\/2023\/10\/1-1-1104x1536.png 1104w, https:\/\/entrechienetlou.fr\/wp-content\/uploads\/2023\/10\/1-1.png 1380w\" sizes=\"auto, (max-width: 736px) 100vw, 736px\" \/><\/figure>\n<\/div>\n<\/div>\n<\/div>\n\n\n\n<div class=\"wp-block-group alignfull is-layout-constrained wp-container-core-group-is-layout-955c507f wp-block-group-is-layout-constrained\" style=\"border-style:none;border-width:0px;padding-top:100px;padding-right:30px;padding-bottom:100px;padding-left:30px\">\n<div class=\"wp-block-group is-layout-flow wp-container-core-group-is-layout-47e5a185 wp-block-group-is-layout-flow\">\n<p class=\"has-text-align-center has-primary-color has-text-color\">N&#8217;h\u00e9sitez pas \u00e0<\/p>\n\n\n\n<h2 class=\"wp-block-heading has-text-align-center has-main-title-font-size\">me contacter<\/h2>\n\n\n\n<div class=\"wp-block-group is-layout-constrained wp-container-core-group-is-layout-8a913c42 wp-block-group-is-layout-constrained\" style=\"padding-top:15px;padding-right:15px;padding-bottom:15px;padding-left:15px\">\n<hr class=\"wp-block-separator has-text-color has-primary-color has-alpha-channel-opacity has-primary-background-color has-background\"\/>\n<\/div>\n<\/div>\n\n\n\n<div class=\"wp-block-group alignwide is-layout-constrained wp-container-core-group-is-layout-c5bbea69 wp-block-group-is-layout-constrained\">\n<div class=\"wp-block-columns alignwide is-layout-flex wp-container-core-columns-is-layout-08a2a807 wp-block-columns-is-layout-flex\">\n<div class=\"wp-block-column is-vertically-aligned-center is-layout-flow wp-block-column-is-layout-flow\">\n<div class=\"wp-block-group alignwide has-style-box-shadow has-background-background-color has-background is-layout-constrained wp-container-core-group-is-layout-06256685 wp-block-group-is-layout-constrained\" style=\"padding-top:30px;padding-right:30px;padding-bottom:30px;padding-left:30px\">\n<div class=\"wp-block-group alignwide is-layout-flow wp-block-group-is-layout-flow\" style=\"padding-bottom:15px\">\n<figure class=\"wp-block-image aligncenter size-full is-resized\"><img loading=\"lazy\" decoding=\"async\" width=\"250\" height=\"250\" src=\"https:\/\/entrechienetlou.fr\/wp-content\/uploads\/2023\/10\/mail.png\" alt=\"\" class=\"wp-image-257\" style=\"width:50px;height:50px\" srcset=\"https:\/\/entrechienetlou.fr\/wp-content\/uploads\/2023\/10\/mail.png 250w, https:\/\/entrechienetlou.fr\/wp-content\/uploads\/2023\/10\/mail-150x150.png 150w\" sizes=\"auto, (max-width: 250px) 100vw, 250px\" \/><\/figure>\n<\/div>\n\n\n\n<div class=\"wp-block-group is-layout-flow wp-container-core-group-is-layout-b761bedb wp-block-group-is-layout-flow\">\n<p class=\"has-text-align-center has-link-color wp-elements-35a7b400776e013879cfdb3eafb195fb\"><strong><a href=\"#\">Par <\/a><a href=\"mailto:entrechienetlou31@gmail.com\">mail<\/a><\/strong><\/p>\n<\/div>\n<\/div>\n<\/div>\n\n\n\n<div class=\"wp-block-column is-vertically-aligned-center is-layout-flow wp-block-column-is-layout-flow\">\n<div class=\"wp-block-group alignwide has-style-box-shadow has-background-background-color has-background is-layout-constrained wp-container-core-group-is-layout-06256685 wp-block-group-is-layout-constrained\" style=\"padding-top:30px;padding-right:30px;padding-bottom:30px;padding-left:30px\">\n<div class=\"wp-block-group alignwide is-layout-flow wp-block-group-is-layout-flow\" style=\"padding-bottom:15px\">\n<figure class=\"wp-block-image aligncenter size-full is-resized\"><img loading=\"lazy\" decoding=\"async\" width=\"250\" height=\"250\" src=\"http:\/\/entrechienetlou.fr\/wp-content\/uploads\/2023\/11\/insta-entrechienetlou.png\" alt=\"\" class=\"wp-image-316\" style=\"width:50px;height:50px\" srcset=\"https:\/\/entrechienetlou.fr\/wp-content\/uploads\/2023\/11\/insta-entrechienetlou.png 250w, https:\/\/entrechienetlou.fr\/wp-content\/uploads\/2023\/11\/insta-entrechienetlou-150x150.png 150w\" sizes=\"auto, (max-width: 250px) 100vw, 250px\" \/><\/figure>\n<\/div>\n\n\n\n<div class=\"wp-block-group is-layout-flow wp-container-core-group-is-layout-b761bedb wp-block-group-is-layout-flow\">\n<p class=\"has-text-align-center has-link-color wp-elements-9f39e32786f4db83204d00c9be4cbdce\"><a href=\"https:\/\/www.instagram.com\/entrechien_et_lou\/\"><strong>Via Instagram<\/strong><\/a><\/p>\n<\/div>\n<\/div>\n<\/div>\n\n\n\n<div class=\"wp-block-column is-vertically-aligned-center is-layout-flow wp-block-column-is-layout-flow\">\n<div class=\"wp-block-group alignwide has-style-box-shadow has-background-background-color has-background is-layout-constrained wp-container-core-group-is-layout-06256685 wp-block-group-is-layout-constrained\" style=\"padding-top:30px;padding-right:30px;padding-bottom:30px;padding-left:30px\">\n<div class=\"wp-block-group alignwide is-layout-flow wp-block-group-is-layout-flow\" style=\"padding-bottom:15px\">\n<figure class=\"wp-block-image aligncenter size-full is-resized\"><img loading=\"lazy\" decoding=\"async\" width=\"250\" height=\"250\" src=\"https:\/\/entrechienetlou.fr\/wp-content\/uploads\/2023\/10\/fb.png\" alt=\"\" class=\"wp-image-259\" style=\"width:50px;height:50px\" srcset=\"https:\/\/entrechienetlou.fr\/wp-content\/uploads\/2023\/10\/fb.png 250w, https:\/\/entrechienetlou.fr\/wp-content\/uploads\/2023\/10\/fb-150x150.png 150w\" sizes=\"auto, (max-width: 250px) 100vw, 250px\" \/><\/figure>\n<\/div>\n\n\n\n<div class=\"wp-block-group is-layout-flow wp-container-core-group-is-layout-b761bedb wp-block-group-is-layout-flow\">\n<p class=\"has-text-align-center has-link-color wp-elements-bd21370df680661adf97784321651027\"><strong><a href=\"https:\/\/www.facebook.com\/profile.php?id=100095141287881\" target=\"_blank\" rel=\"noreferrer noopener\">Via Facebook<\/a><\/strong><\/p>\n<\/div>\n<\/div>\n<\/div>\n<\/div>\n\n\n\n<div class=\"wp-block-group alignwide has-style-box-shadow has-background-background-color has-background is-layout-constrained wp-container-core-group-is-layout-06256685 wp-block-group-is-layout-constrained\" style=\"padding-top:30px;padding-right:30px;padding-bottom:30px;padding-left:30px\">\n<div class=\"wp-block-group alignwide is-layout-flow wp-block-group-is-layout-flow\" style=\"padding-bottom:15px\">\n<figure class=\"wp-block-image aligncenter size-full is-resized\"><img loading=\"lazy\" decoding=\"async\" width=\"250\" height=\"250\" src=\"https:\/\/entrechienetlou.fr\/wp-content\/uploads\/2023\/10\/tel.png\" alt=\"\" class=\"wp-image-258\" style=\"width:50px;height:50px\" srcset=\"https:\/\/entrechienetlou.fr\/wp-content\/uploads\/2023\/10\/tel.png 250w, https:\/\/entrechienetlou.fr\/wp-content\/uploads\/2023\/10\/tel-150x150.png 150w\" sizes=\"auto, (max-width: 250px) 100vw, 250px\" \/><\/figure>\n<\/div>\n\n\n\n<div class=\"wp-block-group is-layout-flow wp-container-core-group-is-layout-b761bedb wp-block-group-is-layout-flow\">\n<p class=\"has-text-align-center has-link-color wp-elements-4f208e00a32b8f5f5737849ae9f2af7c\"><strong>Par t\u00e9l\u00e9phone<\/strong> : 06 24 28 63 49<\/p>\n<\/div>\n<\/div>\n<\/div>\n<\/div>\n\n\n\n<div class=\"wp-block-cover alignfull\" style=\"padding-top:14vh;padding-right:30px;padding-bottom:14vh;padding-left:30px\"><span aria-hidden=\"true\" class=\"wp-block-cover__background has-black-background-color has-background-dim-80 has-background-dim\"><\/span><img loading=\"lazy\" decoding=\"async\" width=\"1536\" height=\"864\" class=\"wp-block-cover__image-background wp-image-170\" alt=\"Anne-Lise Laforgue\" src=\"http:\/\/entrechienetlou.fr\/wp-content\/uploads\/2023\/10\/362629075_103674736147236_2575299809038729671_n-edited.jpg\" style=\"object-position:32% 0%\" data-object-fit=\"cover\" data-object-position=\"32% 0%\" srcset=\"https:\/\/entrechienetlou.fr\/wp-content\/uploads\/2023\/10\/362629075_103674736147236_2575299809038729671_n-edited.jpg 1536w, https:\/\/entrechienetlou.fr\/wp-content\/uploads\/2023\/10\/362629075_103674736147236_2575299809038729671_n-edited-300x169.jpg 300w, https:\/\/entrechienetlou.fr\/wp-content\/uploads\/2023\/10\/362629075_103674736147236_2575299809038729671_n-edited-1024x576.jpg 1024w, https:\/\/entrechienetlou.fr\/wp-content\/uploads\/2023\/10\/362629075_103674736147236_2575299809038729671_n-edited-768x432.jpg 768w\" sizes=\"auto, (max-width: 1536px) 100vw, 1536px\" \/><div class=\"wp-block-cover__inner-container is-layout-flow wp-block-cover-is-layout-flow\">\n<div class=\"wp-block-group alignwide is-layout-constrained wp-container-core-group-is-layout-6ff2bfc4 wp-block-group-is-layout-constrained\" style=\"padding-left:0%\">\n<div class=\"wp-block-group alignwide is-layout-flow wp-container-core-group-is-layout-a7cdf34e wp-block-group-is-layout-flow\" style=\"padding-top:0px;padding-right:60px;padding-bottom:60px;padding-left:60px\">\n<h2 class=\"wp-block-heading has-text-align-center has-white-color has-text-color has-huge-font-size\" style=\"margin-top:var(--wp--preset--spacing--50);margin-bottom:0;font-style:normal;font-weight:600;line-height:1.3\">A bient\u00f4t<\/h2>\n\n\n\n<p class=\"has-text-align-center\">J&#8217;esp\u00e8re avoir bient\u00f4t de vos nouvelles (et celles de vos animaux) !<\/p>\n<\/div>\n<\/div>\n<\/div><\/div>\n","protected":false},"excerpt":{"rendered":"<p>A propos de Entre chien et Lou Qui suis-je ? Bonjour \u00e0 toutes et \u00e0 tous, Je suis Anne-Lise (dit Lou), toiletteuse professionnelle offrant mes comp\u00e9tences et mes services en r\u00e9gion toulousaine. Depuis longtemps mes objectifs ont \u00e9t\u00e9 de travailler aupr\u00e8s des animaux de compagnie, d\u2019\u00eatre ind\u00e9pendante et d\u2019entretenir des contacts humains chaleureux. A mi-parcours [&hellip;]<\/p>\n","protected":false},"author":1,"featured_media":0,"parent":0,"menu_order":0,"comment_status":"closed","ping_status":"closed","template":"page-no-title","meta":{"footnotes":""},"class_list":["post-30","page","type-page","status-publish","hentry"],"_links":{"self":[{"href":"https:\/\/entrechienetlou.fr\/index.php\/wp-json\/wp\/v2\/pages\/30","targetHints":{"allow":["GET"]}}],"collection":[{"href":"https:\/\/entrechienetlou.fr\/index.php\/wp-json\/wp\/v2\/pages"}],"about":[{"href":"https:\/\/entrechienetlou.fr\/index.php\/wp-json\/wp\/v2\/types\/page"}],"author":[{"embeddable":true,"href":"https:\/\/entrechienetlou.fr\/index.php\/wp-json\/wp\/v2\/users\/1"}],"replies":[{"embeddable":true,"href":"https:\/\/entrechienetlou.fr\/index.php\/wp-json\/wp\/v2\/comments?post=30"}],"version-history":[{"count":7,"href":"https:\/\/entrechienetlou.fr\/index.php\/wp-json\/wp\/v2\/pages\/30\/revisions"}],"predecessor-version":[{"id":327,"href":"https:\/\/entrechienetlou.fr\/index.php\/wp-json\/wp\/v2\/pages\/30\/revisions\/327"}],"wp:attachment":[{"href":"https:\/\/entrechienetlou.fr\/index.php\/wp-json\/wp\/v2\/media?parent=30"}],"curies":[{"name":"wp","href":"https:\/\/api.w.org\/{rel}","templated":true}]}}